{"id":230,"date":"2024-06-26T23:51:03","date_gmt":"2024-06-26T23:51:03","guid":{"rendered":"https:\/\/patriciosobarzo.cl\/?page_id=230"},"modified":"2026-02-21T06:16:30","modified_gmt":"2026-02-21T06:16:30","slug":"sobre-mi","status":"publish","type":"page","link":"https:\/\/patriciosobarzo.cl\/index.php\/sobre-mi\/","title":{"rendered":"Sobre m\u00ed"},"content":{"rendered":"\n<div class=\"wp-block-uagb-container uagb-block-1fadf3ae default uagb-is-root-container\">\n<div class=\"wp-block-uagb-container uagb-block-56cac2f2\">\n<div class=\"wp-block-columns is-layout-flex wp-container-core-columns-is-layout-28f84493 wp-block-columns-is-layout-flex\">\n<div class=\"wp-block-column is-layout-flow wp-block-column-is-layout-flow\" style=\"flex-basis:100%\">\n<figure class=\"wp-block-image aligncenter size-full is-resized\"><img fetchpriority=\"high\" decoding=\"async\" width=\"726\" height=\"1024\" src=\"https:\/\/patriciosobarzo.cl\/wp-content\/uploads\/2024\/08\/Sobre-mi-final.jpg\" alt=\"\" class=\"wp-image-1150\" style=\"width:353px;height:auto\" srcset=\"https:\/\/patriciosobarzo.cl\/wp-content\/uploads\/2024\/08\/Sobre-mi-final.jpg 726w, https:\/\/patriciosobarzo.cl\/wp-content\/uploads\/2024\/08\/Sobre-mi-final-213x300.jpg 213w\" sizes=\"(max-width: 726px) 100vw, 726px\" \/><\/figure>\n<\/div>\n<\/div>\n<\/div>\n\n\n\n<div class=\"wp-block-uagb-container uagb-block-a609730d\">\n<div class=\"wp-block-uagb-info-box uagb-block-1d2a00ae uagb-infobox__content-wrap  uagb-infobox-icon-above-title uagb-infobox-image-valign-top\"><div class=\"uagb-ifb-content\"><div class=\"uagb-ifb-title-wrap\"><h1 class=\"uagb-ifb-title\">Patricio Sobarzo Candia<br>Psic\u00f3logo Cl\u00ednico \/ Perito Judicial<\/h1><\/div><p class=\"uagb-ifb-desc\">Con experiencia en el sector p\u00fablico y privado, me dedico a la atenci\u00f3n cl\u00ednica de pacientes adultos -de manera online y presencial-, evaluaci\u00f3n neuropsicol\u00f3gica y peritajes psicol\u00f3gicos con acreditaci\u00f3n para las Ilustr\u00edsimas Cortes de Apelaciones de todo el pa\u00eds en las \u00e1reas Cl\u00ednica, Neuropsicol\u00f3gica y Forense. <\/p><\/div><\/div>\n<\/div>\n<\/div>\n\n\n\n<p><\/p>\n\n\n\n<div class=\"wp-block-uagb-advanced-heading uagb-block-ada2ac9a\"><div class=\"uagb-heading-text\">Formaci\u00f3n Acad\u00e9mica<\/div><\/div>\n\n\n\n<p><\/p>\n\n\n\n<div class=\"wp-block-uagb-container uagb-block-85b6fe55 alignfull uagb-is-root-container\"><div class=\"uagb-container-inner-blocks-wrap\">\n<div data-aos= \"fade-up\" data-aos-duration=\"400\" data-aos-delay=\"0\" data-aos-easing=\"ease\" data-aos-once=\"true\" class=\"wp-block-uagb-info-box uagb-block-8b31fa61 uagb-infobox__content-wrap  uagb-infobox-icon-above-title uagb-infobox-image-valign-top wp-block-uagb-info-box--has-margin\"><div class=\"uagb-infobox-margin-wrapper\"><div class=\"uagb-ifb-content\"><div class=\"uagb-ifb-title-wrap\"><h3 class=\"uagb-ifb-title\">\u00c1REA CL\u00cdNICA<\/h3><\/div><p class=\"uagb-ifb-desc\"><br><em><strong>Diplomado en Psicoterapia para Tratamiento de Abuso de Alcohol y Drogas<\/strong>  <br>   (Universidad de Santiago de Chile)<br><br><strong>Diplomado en Intervenci\u00f3n en Problemas de Pareja <\/strong><br>   (Universidad Aut\u00f3noma de Chile)<br><br><strong>Post\u00edtulo en Terapia Cognitivo Conductual Avanzada<\/strong>  <br>   (Universidad de Chile) <br><br><strong>Certificaci\u00f3n en Evaluaci\u00f3n Neuropsicol\u00f3gica<\/strong>  <br>   (Pontificia Universidad Cat\u00f3lica de Chile)<br><br><strong>Certificaci\u00f3n en Primeros Auxilios Psicol\u00f3gicos <\/strong> <br>   (Pontificia Universidad Cat\u00f3lica de Chile)<br><br><strong>Formaci\u00f3n en Nuevas Aproximaciones a la Salud Mental<\/strong> <br>   (Universidad de Chile)<br><br><strong>Formaci\u00f3n en Psicooncolog\u00eda y Cuidados Paliativos <\/strong> <br>   (Universidad Diego Portales)<br><br><strong>Capacitaci\u00f3n en Consumo de Alcohol &#8211; Gu\u00eda para reducir riesgos<\/strong>  <br>   (Ministerio de Salud &#8211; Chile)<br><br><strong>Capacitaci\u00f3n en Prevenci\u00f3n del Suicidio<\/strong>  <br>   (Ministerio de Salud &#8211; Chile)<\/em><br><br><br><\/p><\/div><\/div><\/div>\n\n\n\n<div class=\"wp-block-uagb-info-box uagb-block-c495bd49 uagb-infobox__content-wrap  uagb-infobox-icon-above-title uagb-infobox-image-valign-top wp-block-uagb-info-box--has-margin\"><div class=\"uagb-infobox-margin-wrapper\"><div class=\"uagb-ifb-content\"><div class=\"uagb-ifb-title-wrap\"><h3 class=\"uagb-ifb-title\">\u00c1REA PSICOJUR\u00cdDICA<\/h3><\/div><p class=\"uagb-ifb-desc\"><br><em><strong>Diplomado en Psicolog\u00eda Forense y Evaluaci\u00f3n Pericial<\/strong>  <br>   (Universidad Aut\u00f3noma de Chile &#8211; Inicio Abril 2026)<br><br><strong>Certificaci\u00f3n en Evaluaci\u00f3n Psicol\u00f3gica Forense y Credibilidad del Testimonio <\/strong><br>   (Universidad Diego Portales)<br><br><strong>Profundizaci\u00f3n diagn\u00f3stica y metodol\u00f3gica<\/strong><\/em><br><em><strong>de <\/strong><\/em><em><strong>informes para Tribunales de Familia<\/strong>  <br>   (ADIPA &#8211; Chile) <br><br><strong>Peritaje Psicosocial en Chile:  Normativa legal, formaci\u00f3n y actuaci\u00f3n pericial<\/strong>  <br>   (ADIPA &#8211; Chile)<br><br><strong>Peritaje Social: Elaboraci\u00f3n y defensa en Tribunales de Familia <\/strong> <br>   (ADIPA &#8211; Chile)<br><\/em><br><br><\/p><\/div><\/div><\/div>\n<\/div><\/div>\n","protected":false},"excerpt":{"rendered":"<p>Formaci\u00f3n Acad\u00e9mica<\/p>\n","protected":false},"author":1,"featured_media":0,"parent":0,"menu_order":0,"comment_status":"closed","ping_status":"closed","template":"","meta":{"_uag_custom_page_level_css":"","site-sidebar-layout":"default","site-content-layout":"","ast-site-content-layout":"default","site-content-style":"default","site-sidebar-style":"default","ast-global-header-display":"","ast-banner-title-visibility":"","ast-main-header-display":"","ast-hfb-above-header-display":"","ast-hfb-below-header-display":"","ast-hfb-mobile-header-display":"","site-post-title":"disabled","ast-breadcrumbs-content":"","ast-featured-img":"","footer-sml-layout":"","ast-disable-related-posts":"","theme-transparent-header-meta":"","adv-header-id-meta":"","stick-header-meta":"","header-above-stick-meta":"","header-main-stick-meta":"","header-below-stick-meta":"","astra-migrate-meta-layouts":"default","ast-page-background-enabled":"default","ast-page-background-meta":{"desktop":{"background-color":"var(--ast-global-color-4)","background-image":"","background-repeat":"repeat","background-position":"center center","background-size":"auto","background-attachment":"scroll","background-type":"","background-media":"","overlay-type":"","overlay-color":"","overlay-opacity":"","overlay-gradient":""},"tablet":{"background-color":"","background-image":"","background-repeat":"repeat","background-position":"center center","background-size":"auto","background-attachment":"scroll","background-type":"","background-media":"","overlay-type":"","overlay-color":"","overlay-opacity":"","overlay-gradient":""},"mobile":{"background-color":"","background-image":"","background-repeat":"repeat","background-position":"center center","background-size":"auto","background-attachment":"scroll","background-type":"","background-media":"","overlay-type":"","overlay-color":"","overlay-opacity":"","overlay-gradient":""}},"ast-content-background-meta":{"desktop":{"background-color":"var(--ast-global-color-5)","background-image":"","background-repeat":"repeat","background-position":"center center","background-size":"auto","background-attachment":"scroll","background-type":"","background-media":"","overlay-type":"","overlay-color":"","overlay-opacity":"","overlay-gradient":""},"tablet":{"background-color":"var(--ast-global-color-5)","background-image":"","background-repeat":"repeat","background-position":"center center","background-size":"auto","background-attachment":"scroll","background-type":"","background-media":"","overlay-type":"","overlay-color":"","overlay-opacity":"","overlay-gradient":""},"mobile":{"background-color":"var(--ast-global-color-5)","background-image":"","background-repeat":"repeat","background-position":"center center","background-size":"auto","background-attachment":"scroll","background-type":"","background-media":"","overlay-type":"","overlay-color":"","overlay-opacity":"","overlay-gradient":""}},"footnotes":""},"class_list":["post-230","page","type-page","status-publish","hentry"],"uagb_featured_image_src":{"full":false,"thumbnail":false,"medium":false,"medium_large":false,"large":false,"1536x1536":false,"2048x2048":false},"uagb_author_info":{"display_name":"admin","author_link":"https:\/\/patriciosobarzo.cl\/index.php\/author\/patriciosobarzo\/"},"uagb_comment_info":0,"uagb_excerpt":"Formaci\u00f3n Acad\u00e9mica","_links":{"self":[{"href":"https:\/\/patriciosobarzo.cl\/index.php\/wp-json\/wp\/v2\/pages\/230","targetHints":{"allow":["GET"]}}],"collection":[{"href":"https:\/\/patriciosobarzo.cl\/index.php\/wp-json\/wp\/v2\/pages"}],"about":[{"href":"https:\/\/patriciosobarzo.cl\/index.php\/wp-json\/wp\/v2\/types\/page"}],"author":[{"embeddable":true,"href":"https:\/\/patriciosobarzo.cl\/index.php\/wp-json\/wp\/v2\/users\/1"}],"replies":[{"embeddable":true,"href":"https:\/\/patriciosobarzo.cl\/index.php\/wp-json\/wp\/v2\/comments?post=230"}],"version-history":[{"count":120,"href":"https:\/\/patriciosobarzo.cl\/index.php\/wp-json\/wp\/v2\/pages\/230\/revisions"}],"predecessor-version":[{"id":1195,"href":"https:\/\/patriciosobarzo.cl\/index.php\/wp-json\/wp\/v2\/pages\/230\/revisions\/1195"}],"wp:attachment":[{"href":"https:\/\/patriciosobarzo.cl\/index.php\/wp-json\/wp\/v2\/media?parent=230"}],"curies":[{"name":"wp","href":"https:\/\/api.w.org\/{rel}","templated":true}]}}