{"id":232,"date":"2024-06-26T23:51:29","date_gmt":"2024-06-26T23:51:29","guid":{"rendered":"https:\/\/patriciosobarzo.cl\/?page_id=232"},"modified":"2024-08-26T05:47:22","modified_gmt":"2024-08-26T05:47:22","slug":"atencion-clinica","status":"publish","type":"page","link":"https:\/\/patriciosobarzo.cl\/index.php\/atencion-clinica\/","title":{"rendered":"Atenci\u00f3n Cl\u00ednica"},"content":{"rendered":"\n<div class=\"wp-block-uagb-container uagb-block-4576756a alignfull uagb-is-root-container\"><div class=\"uagb-container-inner-blocks-wrap\">\n<div data-aos= \"fade\" data-aos-duration=\"400\" data-aos-delay=\"0\" data-aos-easing=\"ease\" data-aos-once=\"true\" class=\"wp-block-uagb-container uagb-block-268870e3\">\n<div class=\"wp-block-uagb-info-box uagb-block-5196a2c9 uagb-infobox__content-wrap  uagb-infobox-icon-above-title uagb-infobox-image-valign-top\"><div class=\"uagb-ifb-content\"><div class=\"uagb-ifb-title-wrap\"><h1 class=\"uagb-ifb-title\">\u00bfQu\u00e9 es la Psicoterapia?<\/h1><\/div><p class=\"uagb-ifb-desc\">La psicoterapia es un proceso cl\u00ednico confidencial, donde a trav\u00e9s de la relaci\u00f3n terap\u00e9utica el paciente busca dar soluci\u00f3n a aquellas problem\u00e1ticas de salud mental que interfieren en el normal desarrollo del consultante, dificultando su calidad de vida, la de su entorno social y la de su familia. Este proceso debe darse en un espacio que brinde contenci\u00f3n, tranquilidad y genere en el paciente la confianza y seguridad que no ser\u00e1 prejuzgado por lo que le aqueja. <\/p><\/div><\/div>\n<\/div>\n\n\n\n<div data-aos= \"fade\" data-aos-duration=\"400\" data-aos-delay=\"0\" data-aos-easing=\"ease\" data-aos-once=\"true\" class=\"wp-block-uagb-container uagb-block-0c57f824\">\n<figure class=\"wp-block-image aligncenter size-large is-resized\"><img fetchpriority=\"high\" decoding=\"async\" width=\"834\" height=\"1024\" src=\"https:\/\/patriciosobarzo.cl\/wp-content\/uploads\/2024\/07\/Mano-834x1024.jpg\" alt=\"\" class=\"wp-image-684\" style=\"width:349px;height:auto\" srcset=\"https:\/\/patriciosobarzo.cl\/wp-content\/uploads\/2024\/07\/Mano-834x1024.jpg 834w, https:\/\/patriciosobarzo.cl\/wp-content\/uploads\/2024\/07\/Mano-244x300.jpg 244w, https:\/\/patriciosobarzo.cl\/wp-content\/uploads\/2024\/07\/Mano-768x943.jpg 768w, https:\/\/patriciosobarzo.cl\/wp-content\/uploads\/2024\/07\/Mano.jpg 841w\" sizes=\"(max-width: 834px) 100vw, 834px\" \/><\/figure>\n<\/div>\n<\/div><\/div>\n\n\n\n<div class=\"wp-block-uagb-info-box uagb-block-b3db3d4f uagb-infobox__content-wrap  uagb-infobox-icon-above-title uagb-infobox-image-valign-top wp-block-uagb-info-box--has-margin\"><div class=\"uagb-infobox-margin-wrapper\"><div class=\"uagb-ifb-content\"><div class=\"uagb-ifb-title-wrap\"><\/div><p class=\"uagb-ifb-desc\">Como psic\u00f3logo cl\u00ednico, me dedico a la realizaci\u00f3n de evaluaciones neuropsicol\u00f3gicas y la atenci\u00f3n de pacientes adultos que, por distintos motivos como: estr\u00e9s, depresi\u00f3n, crisis de p\u00e1nico, ansiedad generalizada, abuso de sustancias, fobias, trastornos de estr\u00e9s postraum\u00e1tico -entre muchos otros factores- han visto afectada su salud mental y buscan mejorar su calidad de vida y la de sus familias.<\/p><\/div><\/div><\/div>\n\n\n\n<div class=\"wp-block-uagb-container uagb-block-654fcd9b alignfull uagb-is-root-container\"><div class=\"uagb-container-inner-blocks-wrap\">\n<div class=\"wp-block-uagb-container uagb-block-ff4d3f76\">\n<figure class=\"wp-block-image aligncenter size-full is-resized\"><img decoding=\"async\" width=\"858\" height=\"1024\" src=\"https:\/\/patriciosobarzo.cl\/wp-content\/uploads\/2024\/08\/Psicoterapia-Final.jpg\" alt=\"\" class=\"wp-image-1148\" style=\"width:397px;height:auto\" srcset=\"https:\/\/patriciosobarzo.cl\/wp-content\/uploads\/2024\/08\/Psicoterapia-Final.jpg 858w, https:\/\/patriciosobarzo.cl\/wp-content\/uploads\/2024\/08\/Psicoterapia-Final-251x300.jpg 251w, https:\/\/patriciosobarzo.cl\/wp-content\/uploads\/2024\/08\/Psicoterapia-Final-768x917.jpg 768w\" sizes=\"(max-width: 858px) 100vw, 858px\" \/><\/figure>\n<\/div>\n\n\n\n<div class=\"wp-block-uagb-container uagb-block-b17fed88\">\n<div data-aos= \"fade\" data-aos-duration=\"400\" data-aos-delay=\"0\" data-aos-easing=\"ease\" data-aos-once=\"true\" class=\"wp-block-uagb-info-box uagb-block-5e3ae5a3 uagb-infobox__content-wrap  uagb-infobox-icon-above-title uagb-infobox-image-valign-top\"><div class=\"uagb-ifb-content\"><div class=\"uagb-ifb-title-wrap\"><h1 class=\"uagb-ifb-title\">Evaluaci\u00f3n Neuropsicol\u00f3gica<\/h1><\/div><p class=\"uagb-ifb-desc\">La evaluaci\u00f3n neuropsicol\u00f3gica es un examen mental que permite determinar el estado cognoscitivo de un paciente, a trav\u00e9s de entrevistas cl\u00ednicas, aplicaci\u00f3n de test de screening y pruebas espec\u00edficas que buscan obtener una apreciaci\u00f3n global de las funciones cognitivas de un sujeto (atenci\u00f3n, memoria, lenguaje, entre otras).<br><br>Este tipo de evaluaci\u00f3n es ampliamente utilizada en adultos mayores para distinguir si algunos fallos de memoria -por ejemplo- pueden corresponder a olvidos benignos asociados al envejecimiento normal, o si nos encontramos frente a un Trastorno Neurocognitivo y establecer un posible diagn\u00f3stico (como Demencia Tipo Alzheimer, por cuerpos de Lewy u otras).<\/p><\/div><\/div>\n<\/div>\n<\/div><\/div>\n\n\n\n<div class=\"wp-block-uagb-info-box uagb-block-b3efe4c0 uagb-infobox__content-wrap  uagb-infobox-icon-above-title uagb-infobox-image-valign-top wp-block-uagb-info-box--has-margin\"><div class=\"uagb-infobox-margin-wrapper\"><div class=\"uagb-ifb-content\"><div class=\"uagb-ifb-title-wrap\"><\/div><p class=\"uagb-ifb-desc\">Hoy en d\u00eda, son cada vez m\u00e1s las personas que consultan con profesionales de la salud mental acerca de las dificultades que limitan su vida diaria y que pueden ser abordadas desde la psicolog\u00eda. Siendo las tem\u00e1ticas m\u00e1s frecuentes aquellas relacionadas con trastornos del \u00e1nimo, estr\u00e9s y crisis de p\u00e1nico.<\/p><\/div><\/div><\/div>\n\n\n\n<p><\/p>\n","protected":false},"excerpt":{"rendered":"","protected":false},"author":1,"featured_media":0,"parent":0,"menu_order":0,"comment_status":"closed","ping_status":"closed","template":"","meta":{"_uag_custom_page_level_css":"","site-sidebar-layout":"default","site-content-layout":"","ast-site-content-layout":"default","site-content-style":"default","site-sidebar-style":"default","ast-global-header-display":"","ast-banner-title-visibility":"","ast-main-header-display":"","ast-hfb-above-header-display":"","ast-hfb-below-header-display":"","ast-hfb-mobile-header-display":"","site-post-title":"disabled","ast-breadcrumbs-content":"","ast-featured-img":"","footer-sml-layout":"","ast-disable-related-posts":"","theme-transparent-header-meta":"","adv-header-id-meta":"","stick-header-meta":"","header-above-stick-meta":"","header-main-stick-meta":"","header-below-stick-meta":"","astra-migrate-meta-layouts":"default","ast-page-background-enabled":"default","ast-page-background-meta":{"desktop":{"background-color":"var(--ast-global-color-4)","background-image":"","background-repeat":"repeat","background-position":"center center","background-size":"auto","background-attachment":"scroll","background-type":"","background-media":"","overlay-type":"","overlay-color":"","overlay-opacity":"","overlay-gradient":""},"tablet":{"background-color":"","background-image":"","background-repeat":"repeat","background-position":"center center","background-size":"auto","background-attachment":"scroll","background-type":"","background-media":"","overlay-type":"","overlay-color":"","overlay-opacity":"","overlay-gradient":""},"mobile":{"background-color":"","background-image":"","background-repeat":"repeat","background-position":"center center","background-size":"auto","background-attachment":"scroll","background-type":"","background-media":"","overlay-type":"","overlay-color":"","overlay-opacity":"","overlay-gradient":""}},"ast-content-background-meta":{"desktop":{"background-color":"var(--ast-global-color-5)","background-image":"","background-repeat":"repeat","background-position":"center center","background-size":"auto","background-attachment":"scroll","background-type":"","background-media":"","overlay-type":"","overlay-color":"","overlay-opacity":"","overlay-gradient":""},"tablet":{"background-color":"var(--ast-global-color-5)","background-image":"","background-repeat":"repeat","background-position":"center center","background-size":"auto","background-attachment":"scroll","background-type":"","background-media":"","overlay-type":"","overlay-color":"","overlay-opacity":"","overlay-gradient":""},"mobile":{"background-color":"var(--ast-global-color-5)","background-image":"","background-repeat":"repeat","background-position":"center center","background-size":"auto","background-attachment":"scroll","background-type":"","background-media":"","overlay-type":"","overlay-color":"","overlay-opacity":"","overlay-gradient":""}},"footnotes":""},"class_list":["post-232","page","type-page","status-publish","hentry"],"uagb_featured_image_src":{"full":false,"thumbnail":false,"medium":false,"medium_large":false,"large":false,"1536x1536":false,"2048x2048":false},"uagb_author_info":{"display_name":"admin","author_link":"https:\/\/patriciosobarzo.cl\/index.php\/author\/patriciosobarzo\/"},"uagb_comment_info":0,"uagb_excerpt":null,"_links":{"self":[{"href":"https:\/\/patriciosobarzo.cl\/index.php\/wp-json\/wp\/v2\/pages\/232","targetHints":{"allow":["GET"]}}],"collection":[{"href":"https:\/\/patriciosobarzo.cl\/index.php\/wp-json\/wp\/v2\/pages"}],"about":[{"href":"https:\/\/patriciosobarzo.cl\/index.php\/wp-json\/wp\/v2\/types\/page"}],"author":[{"embeddable":true,"href":"https:\/\/patriciosobarzo.cl\/index.php\/wp-json\/wp\/v2\/users\/1"}],"replies":[{"embeddable":true,"href":"https:\/\/patriciosobarzo.cl\/index.php\/wp-json\/wp\/v2\/comments?post=232"}],"version-history":[{"count":81,"href":"https:\/\/patriciosobarzo.cl\/index.php\/wp-json\/wp\/v2\/pages\/232\/revisions"}],"predecessor-version":[{"id":1149,"href":"https:\/\/patriciosobarzo.cl\/index.php\/wp-json\/wp\/v2\/pages\/232\/revisions\/1149"}],"wp:attachment":[{"href":"https:\/\/patriciosobarzo.cl\/index.php\/wp-json\/wp\/v2\/media?parent=232"}],"curies":[{"name":"wp","href":"https:\/\/api.w.org\/{rel}","templated":true}]}}