{"id":234,"date":"2024-06-26T23:51:49","date_gmt":"2024-06-26T23:51:49","guid":{"rendered":"https:\/\/patriciosobarzo.cl\/?page_id=234"},"modified":"2026-02-06T20:51:02","modified_gmt":"2026-02-06T20:51:02","slug":"peritajes-judiciales","status":"publish","type":"page","link":"https:\/\/patriciosobarzo.cl\/index.php\/peritajes-judiciales\/","title":{"rendered":"Peritajes Judiciales"},"content":{"rendered":"\n<div class=\"wp-block-uagb-container uagb-block-6dfa8e81 alignfull uagb-is-root-container\"><div class=\"uagb-container-inner-blocks-wrap\">\n<div class=\"wp-block-uagb-container uagb-block-a995ce3d\">\n<figure class=\"wp-block-image aligncenter size-full\"><img fetchpriority=\"high\" decoding=\"async\" width=\"595\" height=\"416\" src=\"https:\/\/patriciosobarzo.cl\/wp-content\/uploads\/2024\/06\/Tribunales-color.jpg\" alt=\"\" class=\"wp-image-611\" srcset=\"https:\/\/patriciosobarzo.cl\/wp-content\/uploads\/2024\/06\/Tribunales-color.jpg 595w, https:\/\/patriciosobarzo.cl\/wp-content\/uploads\/2024\/06\/Tribunales-color-300x210.jpg 300w\" sizes=\"(max-width: 595px) 100vw, 595px\" \/><\/figure>\n<\/div>\n\n\n\n<div class=\"wp-block-uagb-container uagb-block-ecdf1d88\">\n<div class=\"wp-block-uagb-info-box uagb-block-f2b1e2b2 uagb-infobox__content-wrap  uagb-infobox-icon-above-title uagb-infobox-image-valign-top\"><div class=\"uagb-ifb-content\"><div class=\"uagb-ifb-title-wrap\"><h3 class=\"uagb-ifb-title\">\u00bfQu\u00e9 es un Perito Judicial?<\/h3><\/div><p class=\"uagb-ifb-desc\">Un perito judicial es un profesional, t\u00e9cnico o especialista en alg\u00fan oficio, que en relaci\u00f3n a su experticia es reconocido por la justicia chilena y designado por la Excelent\u00edsima Corte Suprema, facult\u00e1ndolo a realizar estudios y\/o evaluaciones en el \u00e1mbito de su competencia para ser presentados como prueba ante un juicio.<\/p><\/div><\/div>\n<\/div>\n\n\n\n<div class=\"wp-block-uagb-container uagb-block-40e4237b\">\n<figure class=\"wp-block-image aligncenter size-full\"><img decoding=\"async\" width=\"596\" height=\"415\" src=\"https:\/\/patriciosobarzo.cl\/wp-content\/uploads\/2024\/06\/Centro_Justicia_2.jpg\" alt=\"\" class=\"wp-image-586\" srcset=\"https:\/\/patriciosobarzo.cl\/wp-content\/uploads\/2024\/06\/Centro_Justicia_2.jpg 596w, https:\/\/patriciosobarzo.cl\/wp-content\/uploads\/2024\/06\/Centro_Justicia_2-300x209.jpg 300w\" sizes=\"(max-width: 596px) 100vw, 596px\" \/><\/figure>\n<\/div>\n<\/div><\/div>\n\n\n\n<div class=\"wp-block-uagb-info-box uagb-block-8cfc83a7 uagb-infobox__content-wrap  uagb-infobox-icon-above-title uagb-infobox-image-valign-top wp-block-uagb-info-box--has-margin\"><div class=\"uagb-infobox-margin-wrapper\"><div class=\"uagb-ifb-content\"><div class=\"uagb-ifb-title-wrap\"><\/div><p class=\"uagb-ifb-desc\"><br>En su calidad de expertos, los peritos judiciales se encargan de realizar estudios en el \u00e1rea de su disciplina y emitir informes que permitan dar respuesta a los requerimientos de los tribunales de justicia, a fin que estos puedan dictar sentencia en base a informaci\u00f3n t\u00e9cnica, objetiva e imparcial respecto del sujeto o materia periciada.<\/p><\/div><\/div><\/div>\n\n\n\n<div class=\"wp-block-uagb-info-box uagb-block-29dc85ef uagb-infobox__content-wrap  uagb-infobox-icon-above-title uagb-infobox-image-valign-top\"><div class=\"uagb-ifb-content\"><div class=\"uagb-ifb-title-wrap\"><h1 class=\"uagb-ifb-title\">PERITO PSIC\u00d3LOGO<\/h1><\/div><p class=\"uagb-ifb-desc\"><br><br><img decoding=\"async\" width=\"450\" height=\"301\" class=\"wp-image-1055\" style=\"width: 450px;\" src=\"https:\/\/patriciosobarzo.cl\/wp-content\/uploads\/2024\/07\/PSC.jpg\" alt=\"\" srcset=\"https:\/\/patriciosobarzo.cl\/wp-content\/uploads\/2024\/07\/PSC.jpg 720w, https:\/\/patriciosobarzo.cl\/wp-content\/uploads\/2024\/07\/PSC-300x201.jpg 300w\" sizes=\"(max-width: 450px) 100vw, 450px\" \/><br><br><img loading=\"lazy\" decoding=\"async\" width=\"300\" height=\"157\" class=\"wp-image-910\" style=\"width: 300px;\" src=\"https:\/\/patriciosobarzo.cl\/wp-content\/uploads\/2024\/07\/logo-poder-judicial-chile.png\" alt=\"\" srcset=\"https:\/\/patriciosobarzo.cl\/wp-content\/uploads\/2024\/07\/logo-poder-judicial-chile.png 782w, https:\/\/patriciosobarzo.cl\/wp-content\/uploads\/2024\/07\/logo-poder-judicial-chile-300x157.png 300w, https:\/\/patriciosobarzo.cl\/wp-content\/uploads\/2024\/07\/logo-poder-judicial-chile-768x401.png 768w\" sizes=\"(max-width: 300px) 100vw, 300px\" \/><\/p><\/div><\/div>\n\n\n\n<div data-aos= \"fade\" data-aos-duration=\"400\" data-aos-delay=\"0\" data-aos-easing=\"ease\" data-aos-once=\"true\" class=\"wp-block-uagb-container uagb-block-e7033953 alignfull uagb-is-root-container\"><div class=\"uagb-container-inner-blocks-wrap\">\n<div data-aos= \"fade\" data-aos-duration=\"400\" data-aos-delay=\"0\" data-aos-easing=\"ease\" data-aos-once=\"true\" class=\"wp-block-uagb-container uagb-block-4094bf6a\">\n<div data-aos= \"fade-up\" data-aos-duration=\"400\" data-aos-delay=\"0\" data-aos-easing=\"ease\" data-aos-once=\"true\" class=\"wp-block-uagb-info-box uagb-block-856f3d57 uagb-infobox__content-wrap  uagb-infobox-icon-above-title uagb-infobox-image-valign-top\"><div class=\"uagb-ifb-content\"><div class=\"uagb-ifb-title-wrap\"><\/div><p class=\"uagb-ifb-desc\"><strong>Ilustr\u00edsimas  Cortes  de  Apelaciones  de<\/strong><br><br>Arica &#8211; Iquique &#8211; Antofagasta &#8211; Copiap\u00f3 <br>La Serena &#8211; Valpara\u00edso &#8211; Santiago &#8211; San Miguel<br>Rancagua &#8211; Talca &#8211; Chill\u00e1n &#8211; Concepci\u00f3n &#8211; Temuco <br>Valdivia &#8211; Puerto Montt &#8211; Coyhaique &#8211; Punta Arenas <\/p><\/div><\/div>\n<\/div>\n<\/div><\/div>\n\n\n\n<div class=\"wp-block-uagb-info-box uagb-block-fa5e3cb6 uagb-infobox__content-wrap  uagb-infobox-icon-above-title uagb-infobox-image-valign-top wp-block-uagb-info-box--has-margin\"><div class=\"uagb-infobox-margin-wrapper\"><div class=\"uagb-ifb-content\"><div class=\"uagb-ifb-title-wrap\"><\/div><p class=\"uagb-ifb-desc\">En cuanto al \u00e1rea psicojur\u00eddica, existe una amplia gama de peritajes psicol\u00f3gicos que pueden ser solicitados por los tribunales para resolver la materia en juicio, siendo los m\u00e1s frecuentes aquellos relacionados con <strong>Evaluaci\u00f3n de Habilidades Parentales<\/strong> para definir la <strong>Relaci\u00f3n Directa y Regular<\/strong> en causas de familia, <strong>Evaluaci\u00f3n Neuropsicol\u00f3gica<\/strong> para dar cuenta del estado mental de un sujeto -generalmente en adultos mayores- y, <strong>Evaluaci\u00f3n de Da\u00f1o Ps\u00edquico<\/strong> relacionado al <strong>Acoso Laboral<\/strong> para determinar posible <strong>Da\u00f1o Moral<\/strong>.<br><br>Cabe mencionar que, dado que los peritajes psicol\u00f3gicos son producto de un proceso judicial, estos se realizan <strong>solamente de forma presencial<\/strong>.<\/p><\/div><\/div><\/div>\n","protected":false},"excerpt":{"rendered":"","protected":false},"author":1,"featured_media":0,"parent":0,"menu_order":0,"comment_status":"closed","ping_status":"closed","template":"","meta":{"_uag_custom_page_level_css":"","site-sidebar-layout":"default","site-content-layout":"","ast-site-content-layout":"default","site-content-style":"default","site-sidebar-style":"default","ast-global-header-display":"","ast-banner-title-visibility":"","ast-main-header-display":"","ast-hfb-above-header-display":"","ast-hfb-below-header-display":"","ast-hfb-mobile-header-display":"","site-post-title":"disabled","ast-breadcrumbs-content":"","ast-featured-img":"","footer-sml-layout":"","ast-disable-related-posts":"","theme-transparent-header-meta":"","adv-header-id-meta":"","stick-header-meta":"","header-above-stick-meta":"","header-main-stick-meta":"","header-below-stick-meta":"","astra-migrate-meta-layouts":"default","ast-page-background-enabled":"default","ast-page-background-meta":{"desktop":{"background-color":"var(--ast-global-color-4)","background-image":"","background-repeat":"repeat","background-position":"center center","background-size":"auto","background-attachment":"scroll","background-type":"","background-media":"","overlay-type":"","overlay-color":"","overlay-opacity":"","overlay-gradient":""},"tablet":{"background-color":"","background-image":"","background-repeat":"repeat","background-position":"center center","background-size":"auto","background-attachment":"scroll","background-type":"","background-media":"","overlay-type":"","overlay-color":"","overlay-opacity":"","overlay-gradient":""},"mobile":{"background-color":"","background-image":"","background-repeat":"repeat","background-position":"center center","background-size":"auto","background-attachment":"scroll","background-type":"","background-media":"","overlay-type":"","overlay-color":"","overlay-opacity":"","overlay-gradient":""}},"ast-content-background-meta":{"desktop":{"background-color":"var(--ast-global-color-5)","background-image":"","background-repeat":"repeat","background-position":"center center","background-size":"auto","background-attachment":"scroll","background-type":"","background-media":"","overlay-type":"","overlay-color":"","overlay-opacity":"","overlay-gradient":""},"tablet":{"background-color":"var(--ast-global-color-5)","background-image":"","background-repeat":"repeat","background-position":"center center","background-size":"auto","background-attachment":"scroll","background-type":"","background-media":"","overlay-type":"","overlay-color":"","overlay-opacity":"","overlay-gradient":""},"mobile":{"background-color":"var(--ast-global-color-5)","background-image":"","background-repeat":"repeat","background-position":"center center","background-size":"auto","background-attachment":"scroll","background-type":"","background-media":"","overlay-type":"","overlay-color":"","overlay-opacity":"","overlay-gradient":""}},"footnotes":""},"class_list":["post-234","page","type-page","status-publish","hentry"],"uagb_featured_image_src":{"full":false,"thumbnail":false,"medium":false,"medium_large":false,"large":false,"1536x1536":false,"2048x2048":false},"uagb_author_info":{"display_name":"admin","author_link":"https:\/\/patriciosobarzo.cl\/index.php\/author\/patriciosobarzo\/"},"uagb_comment_info":0,"uagb_excerpt":null,"_links":{"self":[{"href":"https:\/\/patriciosobarzo.cl\/index.php\/wp-json\/wp\/v2\/pages\/234","targetHints":{"allow":["GET"]}}],"collection":[{"href":"https:\/\/patriciosobarzo.cl\/index.php\/wp-json\/wp\/v2\/pages"}],"about":[{"href":"https:\/\/patriciosobarzo.cl\/index.php\/wp-json\/wp\/v2\/types\/page"}],"author":[{"embeddable":true,"href":"https:\/\/patriciosobarzo.cl\/index.php\/wp-json\/wp\/v2\/users\/1"}],"replies":[{"embeddable":true,"href":"https:\/\/patriciosobarzo.cl\/index.php\/wp-json\/wp\/v2\/comments?post=234"}],"version-history":[{"count":210,"href":"https:\/\/patriciosobarzo.cl\/index.php\/wp-json\/wp\/v2\/pages\/234\/revisions"}],"predecessor-version":[{"id":1190,"href":"https:\/\/patriciosobarzo.cl\/index.php\/wp-json\/wp\/v2\/pages\/234\/revisions\/1190"}],"wp:attachment":[{"href":"https:\/\/patriciosobarzo.cl\/index.php\/wp-json\/wp\/v2\/media?parent=234"}],"curies":[{"name":"wp","href":"https:\/\/api.w.org\/{rel}","templated":true}]}}